{"id":2,"date":"2024-02-08T16:42:22","date_gmt":"2024-02-08T16:42:22","guid":{"rendered":"http:\/\/bnit.pl\/?page_id=2"},"modified":"2026-01-28T13:27:49","modified_gmt":"2026-01-28T12:27:49","slug":"championship-2024","status":"publish","type":"page","link":"https:\/\/bnit.pl\/","title":{"rendered":"VII Open Throwing Championship of POLAND 2026 !!!"},"content":{"rendered":"\n<div class=\"wp-block-columns is-layout-flex wp-container-core-columns-is-layout-9d6595d7 wp-block-columns-is-layout-flex\">\n<div class=\"wp-block-column is-layout-flow wp-block-column-is-layout-flow\">\n<div class=\"wp-block-columns is-layout-flex wp-container-core-columns-is-layout-9d6595d7 wp-block-columns-is-layout-flex\">\n<div class=\"wp-block-column is-layout-flow wp-block-column-is-layout-flow\">\n<h3>\u00a0<\/h3>\n<p><strong>POLSKA WERSJA<\/strong> :<\/p>\n<p>Z rado\u015bci\u0105 zapraszamy Was do uczestnictwa w najwi\u0119kszym wydarzeniu dla miotaczy w Polsce!!!<\/p>\n<p>Staramy si\u0119 aby za ka\u017cdym razem Mistrzostwa Polski odbywa\u0142y si\u0119 w drugi weekend Sierpnia.<\/p>\n<p>Data: 07.08.2026 &#8211; 09.08.2026 Od Pi\u0105tku do Niedzieli<\/p>\n<p>Lokalizacja : G\u0105ski, Powiat Olecki, Mazury, Polska: Scenic, czyli jeden z zak\u0105tk\u00f3w Wielkich Jezior Mazurskich.<\/p>\n<p>Koszt udzia\u0142u w zawodach: 280,00 z\u0142otych PLN je\u015bli zarejestrujesz si\u0119 i op\u0142acisz uczestnictwo do ko\u0144ca czerwca 2026 przez internet, lub<br \/>W dniu otwarcia zawod\u00f3w na miejscu: 480,00 z\u0142otych (PLN)<\/p>\n<p>Op\u0142ata zawiera mo\u017cliwo\u015b\u0107 udzia\u0142u w konkurencjach Mistrzostw , oraz bufet na terenie zawod\u00f3w, oraz wej\u015bci\u00f3wk\u0119 na tradycyjne Polskie ognicho z \u017care\u0142kiem w Sobotni wiecz\u00f3r.<\/p>\n<p>Op\u0142at\u0119 nale\u017cy dokona\u0107 na konto:<\/p>\n<p>Nr Rachunku: 91116022020000000336542509<br \/>Millenium Bank,<br \/>lub:<br \/>PayPal &#8211; fototraper@gmail.com<\/p>\n<p>Rejestrujcie si\u0119 tutaj: <a href=\"https:\/\/bnit.pl\/\">https:\/\/bnit.pl<\/a><a href=\"http:\/\/bnit.pl\/index.php\/registration\/\">\/index.php\/registration\/<\/a><\/p>\n<p>Mistrzostwa odb\u0119d\u0105 si\u0119 zgodnie z aktualnymi zasadami UKAT<\/p>\n<p>Dyscypliny:<\/p>\n<p>M\u0119\u017cczy\u017ani &#8211; full walk back axe<br \/>M\u0119\u017cczy\u017ani &#8211; full walk back knife<br \/>Kobiety &#8211; full walk back axe<br \/>Kobiety &#8211; full walk back knife<br \/>M\u0119\u017cczy\u017ani &#8211; full walk back no spin<br \/>Kobiety &#8211; full walk back no spin<br \/>M\u0119\u017cczy\u017ani &#8211; long distance axe<br \/>M\u0119\u017cczy\u017ani &#8211; long distance knife<br \/>Kobiety &#8211; long distance axe<br \/>Kobiety &#8211; long distance knife<br \/>No spin long distance M\u0119\u017cczy\u017ani<br \/>No spin long distance Kobiety<br \/>M\u0119\u017cczy\u017ani &#8211; precyzja 4\/5\/7 metre axe<br \/>M\u0119\u017cczy\u017ani &#8211; precyzja 3\/5\/7 metre knife<br \/>Kobiety &#8211; precyzja 4\/5\/7 metre axe<br \/>Kobiety &#8211; precyzja 3\/5\/7 metre knife<\/p>\n<p>Gry:<\/p>\n<p>Plank<br \/>Hunter<br \/>Duel cup<br \/>No-Spin Silhouette<br \/>Spin Silhouette<br \/>Coutanque<br \/>Jedna, lub dwie gry ukryte na chwil\u0119 obecn\u0105<\/p>\n<p>Dok\u0142adny plan dyscyplin i gier zostanie opublikowany tutaj oko\u0142o miesi\u0105ca przed Mistrzostwami.<\/p>\n<p>Dost\u0119pne na terenie zawod\u00f3w: pr\u0105d, woda, toalety,<br \/>Istnieje mo\u017cliwo\u015b\u0107 wynaj\u0119cia miejsca pod namioty na miejscu &#8211; 20 z\u0142 za noc\/os (Ograniczona liczba miejsc do rozbicia si\u0119 wi\u0119c wcze\u015bniejsza rezerwacja wraz z op\u0142at\u0105 jest konieczna).<\/p>\n<p>W bliskiej okolicy (max 600m) mo\u017cna wynaj\u0105\u0107 dwa prywatne domki . Oba zmieszcz\u0105 do 10 os\u00f3b (2&#215;5). Link do w\u0142a\u015bcicieli:<\/p>\n<p>https:\/\/mazury.com.pl\/&#8230;\/agroturystyka-dolina-szymlalia&#8230;\/<\/p>\n<p>Na miejscu uczestnik musi zapozna\u0107 si\u0119 z zasadami bezpiecze\u0144stwa oraz je zaakceptowa\u0107 \u017ceby bra\u0107 udzia\u0142 w zawodach.<\/p>\n<p>Mo\u017cemy pom\u00f3c w odebraniu kilku os\u00f3b w ma\u0142ych grupkach z E\u0142ku lub olecka dzie\u0144, lub dwa przed zawodami.<\/p>\n<p>Piszcie do nas z pytaniami i pro\u015bbami na :jatvingrav@gmail.com (Ten e-mail jest jedynie do pr\u00f3\u015bb i pyta\u0144, w celach op\u0142aty za miejsce prosimy o wybranie maila umieszczonego wy\u017cej w og\u0142oszeniu tego wydarzenia)<\/p>\n<p>Z terenem mistrzostw graniczy bezpo\u015brednio przepi\u0119kne jezioro, wiec nie zapomnijcie zabra\u0107 odpowiedniego ubioru je\u015bli chcecie skorzysta\u0107 z k\u0105pieli.<\/p>\n<p>Czas na przygod\u0119!!! Liczba miejsc ograniczona!!!<\/p>\n<\/div>\n\n\n\n<div class=\"wp-block-column is-layout-flow wp-block-column-is-layout-flow\">\n<h3>\u00a0<\/h3>\n<p><strong>ENGLISH VERSION<\/strong>:<\/p>\n<p>We are Happy to invite You to the biggest throwing event in Poland.<\/p>\n<p>We try to organize our event every second week of August every year.<\/p>\n<p>This Year&#8217;s date: 07.08.2026 &#8211; 09.08.2026 From Friday til Saturday<\/p>\n<p>Location : G\u0105ski, Olecko County, Poland, Scenic, beautiful area of Poland &#8211; Masurian lake District<\/p>\n<p>Price for this competition : 65\u20ac if you register and pay upfront till end of june 2026.<br \/>On site registration fee will be 105\u20ac.<\/p>\n<p>Payment covers three days of competing and on camp Refreshments, with Saturday night Polish campfire meal ticket.<\/p>\n<p>Payment is to made to :<\/p>\n<p>IBAN: PL91116022020000000336542509<br \/>PayPal &#8211; fototraper@gmail.com<\/p>\n<p>Use Our registration form here: <a href=\"http:\/\/bnit.pl\/index.php\/registration\/\"><strong>https:\/\/bnit.pl\/index.php\/registration\/<\/strong><\/a><\/p>\n<p>W compete under UKAT actual Rules<\/p>\n<p>Disciplines.<br \/>Male full walk back axe<br \/>Male full walk back knife<br \/>Female full walk back axe<br \/>Female full walk back knife<br \/>Male full walk back no spin<br \/>Female full walk back no spin<br \/>Male long distance axe<br \/>Male long distance knife<br \/>Female long distance axe<br \/>Female long distance knife<br \/>No spin long distance male<br \/>No spin long distance female<br \/>Male precision 4\/5\/7 metre axe<br \/>Male precision 3\/5\/7 metre knife<br \/>Female precision 4\/5\/7 metre axe<br \/>Female precision 3\/5\/7 metre knife<\/p>\n<p>Games<\/p>\n<p>Plank<br \/>Hunter<br \/>Duel cup<br \/>No-Spin Silhouette<br \/>Spin Silhouette<br \/>Coutanque<br \/>One or two Hidden for now games.<\/p>\n<p>Exact schedule of disciplines will be published here about one month before Championship.<\/p>\n<p>We will have available at camp site: Water, electricity, toilets,<\/p>\n<p>There will be place for tents at camp \/throwing area &#8211; 5\u20ac By night (limited area so upfront booking is necessary).<\/p>\n<p>There are two private summer houses nearby(max 600m). Both can fit ( 2 x 5 persons) for rent available :<br \/><a href=\"https:\/\/mazury.com.pl\/oferta\/agroturystyka-dolina-szymlalia-nad-jeziorem\/\"><strong>https:\/\/mazury.com.pl\/&#8230;\/agroturystyka-dolina-szymlalia&#8230;\/<\/strong><\/a><\/p>\n<p>We can help You with booking there.<\/p>\n<p>And We can pick up small groups from E\u0142k City or Olecko City if you get there day or two before.<\/p>\n<p>Just write e-mail about this at :jatvingrav@gmail.com (this mail is just for questions and communication, not payment, for payment is different- see above)<\/p>\n<p>For Abroad Visitors &#8211; If You have any troubles with finding connections (bus\/train) from e.g Warsaw or Gda\u0144sk (If You Will fly by plane) &#8211; let us know, We will try to help.<\/p>\n<p>We have beautiful lake on camp so don&#8217;t forget to take proper clothes if You want to take a bath. Its free for every one of competitors and their families.<\/p>\n<p>There Will be safety rules You will have to accept to compete.<\/p>\n<p>If You Want to became an actual Polish Champion &#8211; Try Us!!!<br \/>If You searching for a great time and adventure &#8211; For sure You can find it here.<br \/>There will be limit of participants!!!<\/p>\n<\/div>\n<\/div>\n<\/div>\n<\/div>\n\n\n<p><iframe title=\"Jezioro Krzywionka\" src=\"https:\/\/maps.google.com\/maps?q=Jezioro%20Krzywionka&amp;t=m&amp;z=12&amp;output=embed&amp;iwloc=near\" aria-label=\"Jezioro Krzywionka\"><\/iframe><br \/><img decoding=\"async\" title=\"lokalizacja-krzywionka\" src=\"http:\/\/bnit.pl\/wp-content\/uploads\/2024\/02\/lokalizacja-krzywionka.jpg\" alt=\"lokalizacja-krzywionka\" \/><\/p>\n\n\n<p><\/p>\n","protected":false},"excerpt":{"rendered":"<p>\u00a0 POLSKA WERSJA : Z rado\u015bci\u0105 zapraszamy Was do uczestnictwa w najwi\u0119kszym wydarzeniu dla miotaczy w Polsce!!! Staramy si\u0119 aby za ka\u017cdym razem Mistrzostwa Polski &hellip;<\/p>\n","protected":false},"author":1,"featured_media":0,"parent":0,"menu_order":0,"comment_status":"closed","ping_status":"open","template":"","meta":{"_seopress_robots_primary_cat":"","_seopress_titles_title":"BNiT - Bractwo No\u017ca i Topora - Rzucanie No\u017cami i Toporami","_seopress_titles_desc":"BNiT, czyli Bractwo No\u017ca i Topora - Rzucanie sportowe i rekreacyjne no\u017cem i toporem w Polsce!!!  Zapraszamy na Mistrzostwa Polski !","_seopress_robots_index":"","footnotes":""},"class_list":["post-2","page","type-page","status-publish","hentry"],"_links":{"self":[{"href":"https:\/\/bnit.pl\/index.php\/wp-json\/wp\/v2\/pages\/2","targetHints":{"allow":["GET"]}}],"collection":[{"href":"https:\/\/bnit.pl\/index.php\/wp-json\/wp\/v2\/pages"}],"about":[{"href":"https:\/\/bnit.pl\/index.php\/wp-json\/wp\/v2\/types\/page"}],"author":[{"embeddable":true,"href":"https:\/\/bnit.pl\/index.php\/wp-json\/wp\/v2\/users\/1"}],"replies":[{"embeddable":true,"href":"https:\/\/bnit.pl\/index.php\/wp-json\/wp\/v2\/comments?post=2"}],"version-history":[{"count":72,"href":"https:\/\/bnit.pl\/index.php\/wp-json\/wp\/v2\/pages\/2\/revisions"}],"predecessor-version":[{"id":1251,"href":"https:\/\/bnit.pl\/index.php\/wp-json\/wp\/v2\/pages\/2\/revisions\/1251"}],"wp:attachment":[{"href":"https:\/\/bnit.pl\/index.php\/wp-json\/wp\/v2\/media?parent=2"}],"curies":[{"name":"wp","href":"https:\/\/api.w.org\/{rel}","templated":true}]}}