{"id":241,"date":"2024-03-22T10:04:29","date_gmt":"2024-03-22T09:04:29","guid":{"rendered":"https:\/\/bnit.pl\/?page_id=241"},"modified":"2025-08-04T20:14:14","modified_gmt":"2025-08-04T19:14:14","slug":"statute-regulamin","status":"publish","type":"page","link":"https:\/\/bnit.pl\/index.php\/statute-regulamin\/","title":{"rendered":"Statute \/ Regulamin"},"content":{"rendered":"\n<div class=\"wp-block-columns is-layout-flex wp-container-core-columns-is-layout-9d6595d7 wp-block-columns-is-layout-flex\">\n<div class=\"wp-block-column is-layout-flow wp-block-column-is-layout-flow\">\n<p class=\"has-text-align-center\"><strong>Statute and GDPR Information Clause<\/strong> <strong>&#8211; English Version<\/strong> <\/p>\n\n\n\n<p>VI Open Throwing Championship of POLAND 2025 <\/p>\n\n\n\n<ol class=\"wp-block-list\">\n<li>Participation in the competition is tantamount to accepting and agreeing to the provisions<br>of the regulations.<\/li>\n\n\n\n<li>The participant accepts the regulations confirming that he or she takes part in the<br>organizations at his or her own risk.<\/li>\n\n\n\n<li>Registration of participants lasts until July 25 2025.<\/li>\n\n\n\n<li>Participants deal with regulations, safety including appropriate equipment and designated<br>throwing areas.<\/li>\n\n\n\n<li>Participants under 18 years of age must be accompanied by a legal guardian.<\/li>\n\n\n\n<li>All participants and viewers not throwing must be at least 2m behind the Throwers &#8211; in the<br>area designated by the Organizer.<\/li>\n\n\n\n<li>The area 10m in front of and 3m on either side of the targets is fenced with a rope and<br>only Competitors and Judges are allowed here. It is forbidden to stay behind the targets.<\/li>\n\n\n\n<li>Throwing at a target is allowed only when bystanders are in the zones designated by the<br>Organizer.<\/li>\n\n\n\n<li>It is not allowed to throw a knife or an axe when the participant is lifting his knives or axes<br>or when the referee is in the flight path.<\/li>\n\n\n\n<li>Each Participant should make sure that knives and axes have no damage that could<br>cause injury.<\/li>\n\n\n\n<li>Throwing knives: minimum length 20cm, narrower than 6cm, minimum weight 200g, stiff<br>blade.<\/li>\n\n\n\n<li>Axes: minimum weight 0.5 kg; maximum blade width 12cm.<\/li>\n\n\n\n<li>Each participant must have third party liability insurance that covers all injuries and declares that He have it during whole time of the competition. The organizers are not responsible for any injuries or accidents caused by participants.<\/li>\n\n\n\n<li>Consumption of alcoholic beverages is not permitted anywhere.<\/li>\n\n\n\n<li>The Organizer reserves the right to change the dates, cancel the competition and change<br>the regulations in the event of reasons beyond the Organizer&#8217;s control. Matters not regulated<br>by these Regulations will be resolved by the Competition Organizer.<\/li>\n<\/ol>\n\n\n\n<p>GDPR Information Clause<\/p>\n\n\n\n<ol class=\"wp-block-list\">\n<li>The administrator of personal data is Rafa\u0142 Nowosielski<br>Email: jatvingrav@gmail.com<br>tel. +48 505 641 454;<\/li>\n\n\n\n<li>Personal data will be processed in order to document the organization of the Polish<br>Championships VI Open Throwing Championship of POLAND 2025 Codename \u201eBNIT\u201d :<br>registration of participants and acceptance of the rules and regulations (name, phone, email);<br>The legal basis for the processing of the aforementioned data is Art. 6 par.1, letter a, GDPR;<\/li>\n\n\n\n<li>Personal data will not be transferred to third parties;<\/li>\n\n\n\n<li>Personal data will be collected from the moment of registration until the last day of the<br>competition &#8211; until August 10, 08 2025;<\/li>\n\n\n\n<li>You have the right to access your data and the right to rectify, delete, limit processing, the<br>right to transfer data, the right to object, the right to withdraw consent at any time without<br>affecting the lawfulness of processing based on consent before its withdrawal;<\/li>\n\n\n\n<li>You have the right to lodge a complaint with the President of the Personal Data Protection<br>Office regarding a violation of the right to personal data protection or other rights granted<br>under the GDPR;<\/li>\n\n\n\n<li>Providing personal data is voluntary, however, refusing to provide the data will result in not<br>being allowed to participate in the competition.<br><br><strong><em>Everyone who registers for the Championship agrees with above rules od statue and GDPR Information Clause<\/em><\/strong><\/li>\n<\/ol>\n<\/div>\n\n\n\n<div class=\"wp-block-column is-layout-flow wp-block-column-is-layout-flow\">\n<p class=\"has-text-align-center\"><strong>Regulamin i RODO &#8211; J\u0119zyk Polski<\/strong><\/p>\n\n\n\n<p>VI Open Throwing Championship of POLAND 2025 <\/p>\n\n\n\n<ol class=\"wp-block-list\">\n<li>Udzia\u0142 w zawodach jest r\u00f3wnoznaczny z akceptacj\u0105 i wyra\u017ceniem zgody na zapisy<br>regulaminu.<\/li>\n\n\n\n<li>Uczestnik akceptuj\u0105c regulamin potwierdza, \u017ce bierze udzia\u0142 w zawodach na w\u0142asne<br>ryzyko.<\/li>\n\n\n\n<li>Rejestracja uczestnik\u00f3w trwa do 25 Lipca 2025r.<\/li>\n\n\n\n<li>Uczestnik zobowi\u0105zuje si\u0119 do przestrzegania przepis\u00f3w bezpiecze\u0144stwa, w tym u\u017cywania<br>odpowiedniego sprz\u0119tu i przestrzegania wyznaczonych miejsc do rzucania.<\/li>\n\n\n\n<li>Uczestnikom poni\u017cej 18 roku \u017cycia musi towarzyszy\u0107 opiekun prawny.<\/li>\n\n\n\n<li>Wszyscy uczestnicy i widzowie nie rzucaj\u0105cy musz\u0105 znajdowa\u0107 si\u0119 co najmniej 2m za<br>Rzucaj\u0105cymi \u2013 w obszarze wyznaczonym przez Organizatora.<\/li>\n\n\n\n<li>Obszar 10m przed i 3m po obu stronach cel\u00f3w jest ogrodzony lin\u0105 i mog\u0105 tu przebywa\u0107<br>wy\u0142\u0105cznie Zawodnicy i S\u0119dziowie. Zabrania si\u0119 przebywania za tarczami.<\/li>\n\n\n\n<li>Rzut w cel dozwolony jest jedynie w\u00f3wczas, gdy osoby postronne znajduj\u0105 si\u0119 w<br>wyznaczonych przez Organizatora strefach.<\/li>\n\n\n\n<li>Nie wolno rzuca\u0107 no\u017cem lub siekier\u0105, gdy uczestnik podnosi swoje no\u017ce lub siekiery b\u0105d\u017a,<br>gdy s\u0119dzia znajduje si\u0119 na torze lotu.<\/li>\n\n\n\n<li>Ka\u017cdy Uczestnik powinien upewni\u0107 si\u0119, \u017ce no\u017ce i siekiery nie maj\u0105 uszkodze\u0144, kt\u00f3re<br>mog\u0142yby spowodowa\u0107 kontuzj\u0119.<\/li>\n\n\n\n<li>No\u017ce do rzucania: minimalna d\u0142ugo\u015b\u0107 20cm, w\u0119\u017csze ni\u017c 6cm, waga minimalna 200g,<br>ostrze sztywne.<\/li>\n\n\n\n<li>Siekiery: waga minimalna 0,5kg; maksymalna szeroko\u015b\u0107 ostrza 12cm.<\/li>\n\n\n\n<li>Ka\u017cdy uczestnik musi posiada\u0107 ubezpieczenie OC, kt\u00f3re pokrywa wszelkie obra\u017cenia cia\u0142a. oraz deklaruje, \u017ce posiada takowe podczas trwania wszystkich dni zawod\u00f3w. Organizatorzy nie ponosz\u0105 odpowiedzialno\u015bci za uszkodzenia cia\u0142a oraz wypadki spowodowane przez uczestnik\u00f3w.<\/li>\n\n\n\n<li>Nie dozwolone jest spo\u017cywanie napoj\u00f3w alkoholowych w \u017cadnym miejscu w obr\u0119bie pola zawod\u00f3w.<\/li>\n\n\n\n<li>Organizator zastrzega prawo do zmian termin\u00f3w, odwo\u0142ania zawod\u00f3w i zmiany<br>regulaminu w przypadku wyst\u0105pienia przyczyn niezale\u017cnych od Organizatora. Sprawy<br>nieuregulowane niniejszym Regulaminem rozstrzyga Organizator Konkursu.<\/li>\n<\/ol>\n\n\n\n<p>Klauzula informacyjna RODO<\/p>\n\n\n\n<ol class=\"wp-block-list\">\n<li>Administratorem danych osobowych jest Rafa\u0142 Nowosielski<br>email jatvingrav@gmail.com<br>tel. 505&nbsp;641&nbsp;454;<\/li>\n\n\n\n<li>Dane osobowe przetwarzane b\u0119d\u0105 w\u00a0celu udokumentowania organizacji<br>Mistrzostw Polski VI Open Throwing Championship of POLAND 2025<br>Codename \u201eBNIT\u201d: rejestracji uczestnik\u00f3w oraz akceptacji regulaminu (imi\u0119 i<br>nazwisko, telefon, e-mail); Podstaw\u0105 prawn\u0105 przetwarzania wy\u017cej<br>wymienionych danych jest Art. 6 ust.1, lit. a RODO;<\/li>\n\n\n\n<li>Dane osobowe nie b\u0119d\u0105 przekazywane osobom trzecim;<\/li>\n\n\n\n<li>Dane osobowe b\u0119d\u0105 przechowywane od momentu rejestracji, a\u017c do<br>ostatniego dnia trwania zawod\u00f3w- do dnia 10.08.2025r.;<\/li>\n\n\n\n<li>Posiadaj\u0105 Pa\u0144stwo prawo dost\u0119pu do tre\u015bci swoich danych oraz prawo ich<br>sprostowania, usuni\u0119cia, ograniczenia przetwarzania, prawo do przenoszenia<br>danych, prawo wniesienia sprzeciwu, prawo do cofni\u0119cia zgody w&nbsp;dowolnym<br>momencie bez wp\u0142ywu na zgodno\u015b\u0107 z&nbsp;prawem przetwarzania, kt\u00f3rego<br>dokonano na podstawie zgody przed jej cofni\u0119ciem;<\/li>\n\n\n\n<li>Maj\u0105 Pa\u0144stwo prawo wniesienia skargi do Prezesa Urz\u0119du Ochrony Danych<br>Osobowych w&nbsp;zakresie naruszenia prawa do ochrony danych osobowych lub<br>innych praw przyznanych na mocy RODO;<\/li>\n\n\n\n<li>Podanie danych osobowych jest dobrowolne, jednak\u017ce odmowa podania<br>danych skutkowa\u0107 b\u0119dzie nie dopuszczeniem do udzia\u0142u w zawodach.<br><br><strong><em>Ka\u017cdy kto si\u0119 rejestruje na Mistrzostwa Polski zgadza si\u0119 ze wszelkimi zapisami powy\u017cszego regulaminu oraz RODO.<\/em><\/strong><\/li>\n<\/ol>\n<\/div>\n<\/div>\n","protected":false},"excerpt":{"rendered":"<p>Statute and GDPR Information Clause &#8211; English Version VI Open Throwing Championship of POLAND 2025 GDPR Information Clause Regulamin i RODO &#8211; J\u0119zyk Polski VI &hellip;<\/p>\n","protected":false},"author":1,"featured_media":0,"parent":0,"menu_order":0,"comment_status":"closed","ping_status":"closed","template":"","meta":{"_seopress_robots_primary_cat":"","_seopress_titles_title":"Statute \/ Regulamin","_seopress_titles_desc":"Regulamin \/ Klauzula Informacyjna \/ RODO","_seopress_robots_index":"","footnotes":""},"class_list":["post-241","page","type-page","status-publish","hentry"],"_links":{"self":[{"href":"https:\/\/bnit.pl\/index.php\/wp-json\/wp\/v2\/pages\/241","targetHints":{"allow":["GET"]}}],"collection":[{"href":"https:\/\/bnit.pl\/index.php\/wp-json\/wp\/v2\/pages"}],"about":[{"href":"https:\/\/bnit.pl\/index.php\/wp-json\/wp\/v2\/types\/page"}],"author":[{"embeddable":true,"href":"https:\/\/bnit.pl\/index.php\/wp-json\/wp\/v2\/users\/1"}],"replies":[{"embeddable":true,"href":"https:\/\/bnit.pl\/index.php\/wp-json\/wp\/v2\/comments?post=241"}],"version-history":[{"count":9,"href":"https:\/\/bnit.pl\/index.php\/wp-json\/wp\/v2\/pages\/241\/revisions"}],"predecessor-version":[{"id":1066,"href":"https:\/\/bnit.pl\/index.php\/wp-json\/wp\/v2\/pages\/241\/revisions\/1066"}],"wp:attachment":[{"href":"https:\/\/bnit.pl\/index.php\/wp-json\/wp\/v2\/media?parent=241"}],"curies":[{"name":"wp","href":"https:\/\/api.w.org\/{rel}","templated":true}]}}